{"id":277,"date":"2021-11-16T16:51:49","date_gmt":"2021-11-16T16:51:49","guid":{"rendered":"https:\/\/sls-uruguay.com\/?page_id=277"},"modified":"2021-11-18T00:16:30","modified_gmt":"2021-11-18T00:16:30","slug":"about-us","status":"publish","type":"page","link":"https:\/\/sls-uruguay.com\/es\/about-us\/","title":{"rendered":"Sobre Nosotros"},"content":{"rendered":"<div data-elementor-type=\"wp-page\" data-elementor-id=\"277\" class=\"elementor elementor-277\">\n\t\t\t\t\t\t<section class=\"elementor-section elementor-top-section elementor-element elementor-element-56ea0a1d elementor-section-height-min-height elementor-section-boxed elementor-section-height-default elementor-section-items-middle\" data-id=\"56ea0a1d\" data-element_type=\"section\" data-settings=\"{&quot;background_background&quot;:&quot;classic&quot;}\">\n\t\t\t\t\t\t\t<div class=\"elementor-background-overlay\"><\/div>\n\t\t\t\t\t\t\t<div class=\"elementor-container elementor-column-gap-default\">\n\t\t\t\t\t<div class=\"elementor-column elementor-col-100 elementor-top-column elementor-element elementor-element-4200d460\" data-id=\"4200d460\" data-element_type=\"column\">\n\t\t\t<div class=\"elementor-widget-wrap elementor-element-populated\">\n\t\t\t\t\t\t<div class=\"elementor-element elementor-element-4272e1a7 elementor-widget elementor-widget-heading\" data-id=\"4272e1a7\" data-element_type=\"widget\" data-widget_type=\"heading.default\">\n\t\t\t\t<div class=\"elementor-widget-container\">\n\t\t\t\t\t<h2 class=\"elementor-heading-title elementor-size-default\">Sobre Nosotros<\/h2>\t\t\t\t<\/div>\n\t\t\t\t<\/div>\n\t\t\t\t<div class=\"elementor-element elementor-element-3d864d18 elementor-widget elementor-widget-text-editor\" data-id=\"3d864d18\" data-element_type=\"widget\" data-widget_type=\"text-editor.default\">\n\t\t\t\t<div class=\"elementor-widget-container\">\n\t\t\t\t\t\t\t\t\t<p>Inicio \/ <span style=\"color: #ff9900;\"><a style=\"color: #ff9900;\" href=\"#\">Sobre Nosotros<\/a><\/span><\/p>\t\t\t\t\t\t\t\t<\/div>\n\t\t\t\t<\/div>\n\t\t\t\t\t<\/div>\n\t\t<\/div>\n\t\t\t\t\t<\/div>\n\t\t<\/section>\n\t\t\t\t<section class=\"elementor-section elementor-top-section elementor-element elementor-element-e0c9707 elementor-section-boxed elementor-section-height-default elementor-section-height-default\" data-id=\"e0c9707\" data-element_type=\"section\">\n\t\t\t\t\t\t<div class=\"elementor-container elementor-column-gap-default\">\n\t\t\t\t\t<div class=\"elementor-column elementor-col-50 elementor-top-column elementor-element elementor-element-100d2b89\" data-id=\"100d2b89\" data-element_type=\"column\">\n\t\t\t<div class=\"elementor-widget-wrap elementor-element-populated\">\n\t\t\t\t\t\t<div class=\"elementor-element elementor-element-52683e2 elementor-widget elementor-widget-image\" data-id=\"52683e2\" data-element_type=\"widget\" data-widget_type=\"image.default\">\n\t\t\t\t<div class=\"elementor-widget-container\">\n\t\t\t\t\t\t\t\t\t\t\t\t\t\t\t<img decoding=\"async\" src=\"https:\/\/sls-uruguay.com\/wp-content\/uploads\/elementor\/thumbs\/s4-pg4t5ii75wa4y8ofo4cbfh3t4tqq8jfig2r2f0kk8g.jpg\" title=\"s4.jpg\" alt=\"s4.jpg\" loading=\"lazy\" \/>\t\t\t\t\t\t\t\t\t\t\t\t\t\t\t<\/div>\n\t\t\t\t<\/div>\n\t\t\t\t<div class=\"elementor-element elementor-element-499c956e elementor-widget__width-initial elementor-widget-mobile__width-initial elementor-absolute elementor-widget elementor-widget-image\" data-id=\"499c956e\" data-element_type=\"widget\" data-settings=\"{&quot;_position&quot;:&quot;absolute&quot;}\" data-widget_type=\"image.default\">\n\t\t\t\t<div class=\"elementor-widget-container\">\n\t\t\t\t\t\t\t\t\t\t\t\t\t\t\t<img decoding=\"async\" src=\"https:\/\/sls-uruguay.com\/wp-content\/uploads\/elementor\/thumbs\/s1-pg4t593t9jx9q52370a1qjh76z123ke72s87m8yhyo.jpg\" title=\"s1.jpg\" alt=\"s1.jpg\" loading=\"lazy\" \/>\t\t\t\t\t\t\t\t\t\t\t\t\t\t\t<\/div>\n\t\t\t\t<\/div>\n\t\t\t\t<div class=\"elementor-element elementor-element-a717915 elementor-widget elementor-widget-heading\" data-id=\"a717915\" data-element_type=\"widget\" data-widget_type=\"heading.default\">\n\t\t\t\t<div class=\"elementor-widget-container\">\n\t\t\t\t\t<h2 class=\"elementor-heading-title elementor-size-default\">SLS Uruguay<\/h2>\t\t\t\t<\/div>\n\t\t\t\t<\/div>\n\t\t\t\t\t<\/div>\n\t\t<\/div>\n\t\t\t\t<div class=\"elementor-column elementor-col-50 elementor-top-column elementor-element elementor-element-5caed94d\" data-id=\"5caed94d\" data-element_type=\"column\">\n\t\t\t<div class=\"elementor-widget-wrap elementor-element-populated\">\n\t\t\t\t\t\t<div class=\"elementor-element elementor-element-c8cc946 elementor-widget-divider--view-line_text elementor-widget elementor-widget-divider\" data-id=\"c8cc946\" data-element_type=\"widget\" data-widget_type=\"divider.default\">\n\t\t\t\t<div class=\"elementor-widget-container\">\n\t\t\t\t\t\t\t<div class=\"elementor-divider\">\n\t\t\t<span class=\"elementor-divider-separator\">\n\t\t\t\t\t\t\t<h5 class=\"elementor-divider__text elementor-divider__element\">\n\t\t\t\tEmpresa\t\t\t\t<\/h5>\n\t\t\t\t\t\t<\/span>\n\t\t<\/div>\n\t\t\t\t\t\t<\/div>\n\t\t\t\t<\/div>\n\t\t\t\t<div class=\"elementor-element elementor-element-75d81259 elementor-widget elementor-widget-heading\" data-id=\"75d81259\" data-element_type=\"widget\" data-widget_type=\"heading.default\">\n\t\t\t\t<div class=\"elementor-widget-container\">\n\t\t\t\t\t<h3 class=\"elementor-heading-title elementor-size-default\">Servicios Exclusivos de Outsourcing  <\/h3>\t\t\t\t<\/div>\n\t\t\t\t<\/div>\n\t\t\t\t<div class=\"elementor-element elementor-element-6d47edcb elementor-widget elementor-widget-text-editor\" data-id=\"6d47edcb\" data-element_type=\"widget\" data-widget_type=\"text-editor.default\">\n\t\t\t\t<div class=\"elementor-widget-container\">\n\t\t\t\t\t\t\t\t\t<p><strong>SLS URUGUAY<\/strong> brinda servicios exclusivos de outsourcing que permiten a los ejecutivos de la empresa enfocarse en lo que agrega valor a su negocio. <strong>SLS URUGUAY<\/strong> es una empresa de subcontrataci\u00f3n de procesos de negocio <strong>(BPO)<\/strong> de servicio completo que ofrece una amplia gama de soluciones avanzadas dise\u00f1adas y desarrolladas por nuestra mano de obra altamente calificada, tecnolog\u00eda de vanguardia y una infraestructura confiable y \u00fanica. Nuestro sistema fue dise\u00f1ado para reducir los costos y riesgos de nuestros clientes, aumentando as\u00ed sus ahorros e ingresos y optimizando el flujo de trabajo. <strong>SLS URUGUAY<\/strong> se esfuerza por ayudar a sus clientes a escalar sus negocios, conquistar sus nichos y diversificarse dentro de su industria de inter\u00e9s asegurando el \u00e9xito.<\/p><p>\u00a0<\/p><p><strong>SLS URUGUAY<\/strong> entiende que el Outsourcing viene principalmente con el procesamiento de tareas repetitivas que pueden sobrecargar a nuestros clientes y que, en \u00faltima instancia, pueden generar altos costos, pero esto no significa necesariamente que estemos limitados en lo que respecta a la creatividad. Lo que diferencia a <strong>SLS URUGUAY<\/strong> de otras empresas <strong>BPO<\/strong> es la planificaci\u00f3n e investigaci\u00f3n exhaustiva y detallada que asumimos en cada proyecto que subcontratamos.<\/p>\t\t\t\t\t\t\t\t<\/div>\n\t\t\t\t<\/div>\n\t\t\t\t<div class=\"elementor-element elementor-element-5987c55 elementor-widget elementor-widget-spacer\" data-id=\"5987c55\" data-element_type=\"widget\" data-widget_type=\"spacer.default\">\n\t\t\t\t<div class=\"elementor-widget-container\">\n\t\t\t\t\t\t\t<div class=\"elementor-spacer\">\n\t\t\t<div class=\"elementor-spacer-inner\"><\/div>\n\t\t<\/div>\n\t\t\t\t\t\t<\/div>\n\t\t\t\t<\/div>\n\t\t\t\t\t<\/div>\n\t\t<\/div>\n\t\t\t\t\t<\/div>\n\t\t<\/section>\n\t\t\t\t<section class=\"elementor-section elementor-top-section elementor-element elementor-element-5cbe82da elementor-section-boxed elementor-section-height-default elementor-section-height-default\" data-id=\"5cbe82da\" data-element_type=\"section\" data-settings=\"{&quot;background_background&quot;:&quot;classic&quot;}\">\n\t\t\t\t\t\t<div class=\"elementor-container elementor-column-gap-default\">\n\t\t\t\t\t<div class=\"elementor-column elementor-col-50 elementor-top-column elementor-element elementor-element-547220fe\" data-id=\"547220fe\" data-element_type=\"column\">\n\t\t\t<div class=\"elementor-widget-wrap elementor-element-populated\">\n\t\t\t\t\t\t<div class=\"elementor-element elementor-element-72239100 elementor-widget-divider--view-line_text elementor-widget elementor-widget-divider\" data-id=\"72239100\" data-element_type=\"widget\" data-widget_type=\"divider.default\">\n\t\t\t\t<div class=\"elementor-widget-container\">\n\t\t\t\t\t\t\t<div class=\"elementor-divider\">\n\t\t\t<span class=\"elementor-divider-separator\">\n\t\t\t\t\t\t\t<h5 class=\"elementor-divider__text elementor-divider__element\">\n\t\t\t\tServicios\t\t\t\t<\/h5>\n\t\t\t\t\t\t<\/span>\n\t\t<\/div>\n\t\t\t\t\t\t<\/div>\n\t\t\t\t<\/div>\n\t\t\t\t<div class=\"elementor-element elementor-element-2efd027 elementor-widget elementor-widget-heading\" data-id=\"2efd027\" data-element_type=\"widget\" data-widget_type=\"heading.default\">\n\t\t\t\t<div class=\"elementor-widget-container\">\n\t\t\t\t\t<h3 class=\"elementor-heading-title elementor-size-default\">Creatividad y Habilidad <\/h3>\t\t\t\t<\/div>\n\t\t\t\t<\/div>\n\t\t\t\t<div class=\"elementor-element elementor-element-738ba39d elementor-widget elementor-widget-text-editor\" data-id=\"738ba39d\" data-element_type=\"widget\" data-widget_type=\"text-editor.default\">\n\t\t\t\t<div class=\"elementor-widget-container\">\n\t\t\t\t\t\t\t\t\t<p>Nuestro equipo dedicado considera profesionalmente cada proyecto que se subcontrata y trabaja en \u00e9l diligentemente con cuidado y habilidad espec\u00edfica de la industria. Somos reconocidos por nuestra creatividad y capacidad para adaptarnos a las necesidades de nuestros clientes, ubic\u00e1ndonos en la cima de la Industria de Servicios <strong>BPO<\/strong> .<\/p><p>\u00a0<\/p><p>Tambi\u00e9n <strong>SLS URUGUAY<\/strong> es conocido por ser un grupo de trabajo que piensa de manera creativa y va mas all\u00e1 del formato normal para acomodar tanto el flujo de trabajo, la planificaci\u00f3n y los costos para nuestros clientes. Nuestra mirada permanece fija en los aspectos esenciales de la subcontrataci\u00f3n de procesos de negocios <strong>(BPO)<\/strong>que sabemos es lo que nuestros clientes realmente necesitan.<\/p><p>\u00a0<\/p><p><strong>SLS URUGUAY<\/strong> cuenta con un equipo altamente preparado de profesionales, incluyendo expertos en TI, desarrolladores web y comercializadores entre otros que trabajan arduamente con el objetivo de ofrecer la l\u00ednea m\u00e1s completa de soluciones a todos nuestros clientes. <strong>SLS URUGUAY<\/strong> est\u00e1 en constante innovaci\u00f3n, buscando nuevas industrias para emprender y crecer para ofrecer a sus clientes una mayor variedad de servicios. <strong>SLS URUGUAY<\/strong> ofrece servicios en industrias como Retail, Servicios de Viajes, Seguros, Telecomunicaciones, Asuntos Legales, Contabilidad, Adquisici\u00f3n de Talento Humano. Sin lugar a dudas, cuando se trata de servicios BPO, somos la empresa integral para servicios de subcontrataci\u00f3n de alta calidad.<\/p>\t\t\t\t\t\t\t\t<\/div>\n\t\t\t\t<\/div>\n\t\t\t\t<div class=\"elementor-element elementor-element-1d6d945 elementor-widget elementor-widget-spacer\" data-id=\"1d6d945\" data-element_type=\"widget\" data-widget_type=\"spacer.default\">\n\t\t\t\t<div class=\"elementor-widget-container\">\n\t\t\t\t\t\t\t<div class=\"elementor-spacer\">\n\t\t\t<div class=\"elementor-spacer-inner\"><\/div>\n\t\t<\/div>\n\t\t\t\t\t\t<\/div>\n\t\t\t\t<\/div>\n\t\t\t\t\t<\/div>\n\t\t<\/div>\n\t\t\t\t<div class=\"elementor-column elementor-col-50 elementor-top-column elementor-element elementor-element-7d8771e9\" data-id=\"7d8771e9\" data-element_type=\"column\">\n\t\t\t<div class=\"elementor-widget-wrap elementor-element-populated\">\n\t\t\t\t\t\t<div class=\"elementor-element elementor-element-7d58547a elementor-widget elementor-widget-image\" data-id=\"7d58547a\" data-element_type=\"widget\" data-widget_type=\"image.default\">\n\t\t\t\t<div class=\"elementor-widget-container\">\n\t\t\t\t\t\t\t\t\t\t\t\t\t\t\t<img decoding=\"async\" src=\"https:\/\/sls-uruguay.com\/wp-content\/uploads\/elementor\/thumbs\/s3-pg4ts5g4vu5phx6ltz6k49l162o1srdgtehuz6o9e0.jpg\" title=\"s3.jpg\" alt=\"s3.jpg\" loading=\"lazy\" \/>\t\t\t\t\t\t\t\t\t\t\t\t\t\t\t<\/div>\n\t\t\t\t<\/div>\n\t\t\t\t\t<\/div>\n\t\t<\/div>\n\t\t\t\t\t<\/div>\n\t\t<\/section>\n\t\t\t\t<section class=\"elementor-section elementor-top-section elementor-element elementor-element-b3eb09c elementor-section-boxed elementor-section-height-default elementor-section-height-default\" data-id=\"b3eb09c\" data-element_type=\"section\" data-settings=\"{&quot;background_background&quot;:&quot;classic&quot;}\">\n\t\t\t\t\t\t<div class=\"elementor-container elementor-column-gap-default\">\n\t\t\t\t\t<div class=\"elementor-column elementor-col-25 elementor-top-column elementor-element elementor-element-8855d23\" data-id=\"8855d23\" data-element_type=\"column\">\n\t\t\t<div class=\"elementor-widget-wrap elementor-element-populated\">\n\t\t\t\t\t\t<div class=\"elementor-element elementor-element-f3be2ad elementor-view-default elementor-position-top elementor-mobile-position-top elementor-widget elementor-widget-icon-box\" data-id=\"f3be2ad\" data-element_type=\"widget\" data-widget_type=\"icon-box.default\">\n\t\t\t\t<div class=\"elementor-widget-container\">\n\t\t\t\t\t\t\t<div class=\"elementor-icon-box-wrapper\">\n\n\t\t\t\t\t\t<div class=\"elementor-icon-box-icon\">\n\t\t\t\t<span  class=\"elementor-icon\">\n\t\t\t\t<i aria-hidden=\"true\" class=\"icon icon-checked1\"><\/i>\t\t\t\t<\/span>\n\t\t\t<\/div>\n\t\t\t\n\t\t\t\t\t\t<div class=\"elementor-icon-box-content\">\n\n\t\t\t\t\t\t\t\t\t<h3 class=\"elementor-icon-box-title\">\n\t\t\t\t\t\t<span  >\n\t\t\t\t\t\t\t+ 1700\t\t\t\t\t\t<\/span>\n\t\t\t\t\t<\/h3>\n\t\t\t\t\n\t\t\t\t\t\t\t\t\t<p class=\"elementor-icon-box-description\">\n\t\t\t\t\t\tProyectos realizados\t\t\t\t\t<\/p>\n\t\t\t\t\n\t\t\t<\/div>\n\t\t\t\n\t\t<\/div>\n\t\t\t\t\t\t<\/div>\n\t\t\t\t<\/div>\n\t\t\t\t\t<\/div>\n\t\t<\/div>\n\t\t\t\t<div class=\"elementor-column elementor-col-25 elementor-top-column elementor-element elementor-element-8ce72f8\" data-id=\"8ce72f8\" data-element_type=\"column\">\n\t\t\t<div class=\"elementor-widget-wrap elementor-element-populated\">\n\t\t\t\t\t\t<div class=\"elementor-element elementor-element-44b1148 elementor-view-default elementor-position-top elementor-mobile-position-top elementor-widget elementor-widget-icon-box\" data-id=\"44b1148\" data-element_type=\"widget\" data-widget_type=\"icon-box.default\">\n\t\t\t\t<div class=\"elementor-widget-container\">\n\t\t\t\t\t\t\t<div class=\"elementor-icon-box-wrapper\">\n\n\t\t\t\t\t\t<div class=\"elementor-icon-box-icon\">\n\t\t\t\t<span  class=\"elementor-icon\">\n\t\t\t\t<i aria-hidden=\"true\" class=\"icon icon-user-1\"><\/i>\t\t\t\t<\/span>\n\t\t\t<\/div>\n\t\t\t\n\t\t\t\t\t\t<div class=\"elementor-icon-box-content\">\n\n\t\t\t\t\t\t\t\t\t<h3 class=\"elementor-icon-box-title\">\n\t\t\t\t\t\t<span  >\n\t\t\t\t\t\t\t976\t\t\t\t\t\t<\/span>\n\t\t\t\t\t<\/h3>\n\t\t\t\t\n\t\t\t\t\t\t\t\t\t<p class=\"elementor-icon-box-description\">\n\t\t\t\t\t\tClientes satisfechos\t\t\t\t\t<\/p>\n\t\t\t\t\n\t\t\t<\/div>\n\t\t\t\n\t\t<\/div>\n\t\t\t\t\t\t<\/div>\n\t\t\t\t<\/div>\n\t\t\t\t\t<\/div>\n\t\t<\/div>\n\t\t\t\t<div class=\"elementor-column elementor-col-25 elementor-top-column elementor-element elementor-element-7aae2f3\" data-id=\"7aae2f3\" data-element_type=\"column\">\n\t\t\t<div class=\"elementor-widget-wrap elementor-element-populated\">\n\t\t\t\t\t\t<div class=\"elementor-element elementor-element-f9f9ade elementor-view-default elementor-position-top elementor-mobile-position-top elementor-widget elementor-widget-icon-box\" data-id=\"f9f9ade\" data-element_type=\"widget\" data-widget_type=\"icon-box.default\">\n\t\t\t\t<div class=\"elementor-widget-container\">\n\t\t\t\t\t\t\t<div class=\"elementor-icon-box-wrapper\">\n\n\t\t\t\t\t\t<div class=\"elementor-icon-box-icon\">\n\t\t\t\t<span  class=\"elementor-icon\">\n\t\t\t\t<i aria-hidden=\"true\" class=\"icon icon-trophy\"><\/i>\t\t\t\t<\/span>\n\t\t\t<\/div>\n\t\t\t\n\t\t\t\t\t\t<div class=\"elementor-icon-box-content\">\n\n\t\t\t\t\t\t\t\t\t<h3 class=\"elementor-icon-box-title\">\n\t\t\t\t\t\t<span  >\n\t\t\t\t\t\t\t150\t\t\t\t\t\t<\/span>\n\t\t\t\t\t<\/h3>\n\t\t\t\t\n\t\t\t\t\t\t\t\t\t<p class=\"elementor-icon-box-description\">\n\t\t\t\t\t\tBeneficios del programa de recompensas\t\t\t\t\t<\/p>\n\t\t\t\t\n\t\t\t<\/div>\n\t\t\t\n\t\t<\/div>\n\t\t\t\t\t\t<\/div>\n\t\t\t\t<\/div>\n\t\t\t\t\t<\/div>\n\t\t<\/div>\n\t\t\t\t<div class=\"elementor-column elementor-col-25 elementor-top-column elementor-element elementor-element-e08c8b2\" data-id=\"e08c8b2\" data-element_type=\"column\">\n\t\t\t<div class=\"elementor-widget-wrap elementor-element-populated\">\n\t\t\t\t\t\t<div class=\"elementor-element elementor-element-f1fda1b elementor-view-default elementor-position-top elementor-mobile-position-top elementor-widget elementor-widget-icon-box\" data-id=\"f1fda1b\" data-element_type=\"widget\" data-widget_type=\"icon-box.default\">\n\t\t\t\t<div class=\"elementor-widget-container\">\n\t\t\t\t\t\t\t<div class=\"elementor-icon-box-wrapper\">\n\n\t\t\t\t\t\t<div class=\"elementor-icon-box-icon\">\n\t\t\t\t<span  class=\"elementor-icon\">\n\t\t\t\t<i aria-hidden=\"true\" class=\"icon icon-conversation\"><\/i>\t\t\t\t<\/span>\n\t\t\t<\/div>\n\t\t\t\n\t\t\t\t\t\t<div class=\"elementor-icon-box-content\">\n\n\t\t\t\t\t\t\t\t\t<h3 class=\"elementor-icon-box-title\">\n\t\t\t\t\t\t<span  >\n\t\t\t\t\t\t\t+ 5800\t\t\t\t\t\t<\/span>\n\t\t\t\t\t<\/h3>\n\t\t\t\t\n\t\t\t\t\t\t\t\t\t<p class=\"elementor-icon-box-description\">\n\t\t\t\t\t\tSocios\t\t\t\t\t<\/p>\n\t\t\t\t\n\t\t\t<\/div>\n\t\t\t\n\t\t<\/div>\n\t\t\t\t\t\t<\/div>\n\t\t\t\t<\/div>\n\t\t\t\t\t<\/div>\n\t\t<\/div>\n\t\t\t\t\t<\/div>\n\t\t<\/section>\n\t\t\t\t<section class=\"elementor-section elementor-top-section elementor-element elementor-element-517a9354 elementor-section-boxed elementor-section-height-default elementor-section-height-default\" data-id=\"517a9354\" data-element_type=\"section\">\n\t\t\t\t\t\t<div class=\"elementor-container elementor-column-gap-default\">\n\t\t\t\t\t<div class=\"elementor-column elementor-col-100 elementor-top-column elementor-element elementor-element-512787e5\" data-id=\"512787e5\" data-element_type=\"column\">\n\t\t\t<div class=\"elementor-widget-wrap elementor-element-populated\">\n\t\t\t\t\t\t<div class=\"elementor-element elementor-element-2ab992c6 elementor-widget-divider--view-line_text elementor-widget elementor-widget-divider\" data-id=\"2ab992c6\" data-element_type=\"widget\" data-widget_type=\"divider.default\">\n\t\t\t\t<div class=\"elementor-widget-container\">\n\t\t\t\t\t\t\t<div class=\"elementor-divider\">\n\t\t\t<span class=\"elementor-divider-separator\">\n\t\t\t\t\t\t\t<h5 class=\"elementor-divider__text elementor-divider__element\">\n\t\t\t\tLOS MEJORES\t\t\t\t<\/h5>\n\t\t\t\t\t\t<\/span>\n\t\t<\/div>\n\t\t\t\t\t\t<\/div>\n\t\t\t\t<\/div>\n\t\t\t\t<div class=\"elementor-element elementor-element-1db74780 elementor-widget elementor-widget-heading\" data-id=\"1db74780\" data-element_type=\"widget\" data-widget_type=\"heading.default\">\n\t\t\t\t<div class=\"elementor-widget-container\">\n\t\t\t\t\t<h3 class=\"elementor-heading-title elementor-size-default\">Servicios globales BPO de la industria.<\/h3>\t\t\t\t<\/div>\n\t\t\t\t<\/div>\n\t\t\t\t<div class=\"elementor-element elementor-element-2e4e22ea elementor-widget elementor-widget-text-editor\" data-id=\"2e4e22ea\" data-element_type=\"widget\" data-widget_type=\"text-editor.default\">\n\t\t\t\t<div class=\"elementor-widget-container\">\n\t\t\t\t\t\t\t\t\t<p>Deje que <strong>SLS URUGUAY<\/strong> se ocupe de sus necesidades y lo ayude a deshacerse de las limitaciones de crecimiento que pueda tener brind\u00e1ndole los mejores <strong>BPO<\/strong> servicios globales de la industria.<\/p><p>\u00a0<\/p><p>\u00bfListo para llevar su negocio al siguiente nivel? P\u00f3ngase en contacto con <strong>SLS URUGUAY<\/strong> hoy y juntos crearemos un plan pr\u00e1ctico y detallado que impulsar\u00e1 y asegurar\u00e1 el futuro de su negocio. \u00a0<\/p><p>\u00a0<\/p><p>\u00bfY por qu\u00e9 detenerse ah\u00ed? \u00danase a nuestro <strong>Programa de Recompensas<\/strong> obteniendo una <strong>Tarjeta SLS Visa<\/strong> y disfrute de los beneficios que conlleva ser parte del <strong>Mejor Programa de Recompensas.<\/strong>. <\/p>\t\t\t\t\t\t\t\t<\/div>\n\t\t\t\t<\/div>\n\t\t\t\t<div class=\"elementor-element elementor-element-51c420f elementor-widget elementor-widget-image\" data-id=\"51c420f\" data-element_type=\"widget\" data-widget_type=\"image.default\">\n\t\t\t\t<div class=\"elementor-widget-container\">\n\t\t\t\t\t\t\t\t\t\t\t\t\t\t\t<img fetchpriority=\"high\" decoding=\"async\" width=\"1665\" height=\"950\" src=\"https:\/\/sls-uruguay.com\/wp-content\/uploads\/2021\/11\/SLS-Uruguay-content-pics-01.jpg\" class=\"attachment-full size-full wp-image-594\" alt=\"\" srcset=\"https:\/\/sls-uruguay.com\/wp-content\/uploads\/2021\/11\/SLS-Uruguay-content-pics-01.jpg 1665w, https:\/\/sls-uruguay.com\/wp-content\/uploads\/2021\/11\/SLS-Uruguay-content-pics-01-300x171.jpg 300w, https:\/\/sls-uruguay.com\/wp-content\/uploads\/2021\/11\/SLS-Uruguay-content-pics-01-1024x584.jpg 1024w, https:\/\/sls-uruguay.com\/wp-content\/uploads\/2021\/11\/SLS-Uruguay-content-pics-01-768x438.jpg 768w, https:\/\/sls-uruguay.com\/wp-content\/uploads\/2021\/11\/SLS-Uruguay-content-pics-01-1536x876.jpg 1536w, https:\/\/sls-uruguay.com\/wp-content\/uploads\/2021\/11\/SLS-Uruguay-content-pics-01-18x10.jpg 18w\" sizes=\"(max-width: 1665px) 100vw, 1665px\" \/>\t\t\t\t\t\t\t\t\t\t\t\t\t\t\t<\/div>\n\t\t\t\t<\/div>\n\t\t\t\t\t<\/div>\n\t\t<\/div>\n\t\t\t\t\t<\/div>\n\t\t<\/section>\n\t\t\t\t<\/div>","protected":false},"excerpt":{"rendered":"<p>About Us Home \/ About Us SLS Uruguay Company Exclusive outsourcing services SLS URUGUAY provides exclusive outsourcing services that allow the company executives to focus on what adds value to their business. SLS URUGUAY is a full service Business Process Outsourcing (BPO) company that provides a broad range of advanced BPO solutions designed and developed [&hellip;]<\/p>","protected":false},"author":3,"featured_media":0,"parent":0,"menu_order":0,"comment_status":"closed","ping_status":"closed","template":"elementor_header_footer","meta":{"footnotes":""},"class_list":["post-277","page","type-page","status-publish","hentry"],"_links":{"self":[{"href":"https:\/\/sls-uruguay.com\/es\/wp-json\/wp\/v2\/pages\/277","targetHints":{"allow":["GET"]}}],"collection":[{"href":"https:\/\/sls-uruguay.com\/es\/wp-json\/wp\/v2\/pages"}],"about":[{"href":"https:\/\/sls-uruguay.com\/es\/wp-json\/wp\/v2\/types\/page"}],"author":[{"embeddable":true,"href":"https:\/\/sls-uruguay.com\/es\/wp-json\/wp\/v2\/users\/3"}],"replies":[{"embeddable":true,"href":"https:\/\/sls-uruguay.com\/es\/wp-json\/wp\/v2\/comments?post=277"}],"version-history":[{"count":24,"href":"https:\/\/sls-uruguay.com\/es\/wp-json\/wp\/v2\/pages\/277\/revisions"}],"predecessor-version":[{"id":606,"href":"https:\/\/sls-uruguay.com\/es\/wp-json\/wp\/v2\/pages\/277\/revisions\/606"}],"wp:attachment":[{"href":"https:\/\/sls-uruguay.com\/es\/wp-json\/wp\/v2\/media?parent=277"}],"curies":[{"name":"wp","href":"https:\/\/api.w.org\/{rel}","templated":true}]}}